{"id":1499,"date":"2026-04-07T02:40:12","date_gmt":"2026-04-07T02:40:12","guid":{"rendered":"https:\/\/ionescuvalentin.ro\/?page_id=1499"},"modified":"2026-04-07T05:50:09","modified_gmt":"2026-04-07T05:50:09","slug":"foto","status":"publish","type":"page","link":"https:\/\/ionescuvalentin.ro\/index.php\/foto\/","title":{"rendered":"Foto"},"content":{"rendered":"\n<p><strong>Fotografia nu este doar un simplu click. Este arta de a opri timpul, de a \u00eenghe\u021ba o emo\u021bie \u0219i de a transforma o clip\u0103 efemer\u0103 \u00eentr-o poveste ve\u0219nic\u0103. Prin obiectiv, lumina devine limbaj, umbrele cap\u0103t\u0103 sens, iar detaliile nev\u0103zute prind via\u021b\u0103. Fiecare cadru spune o poveste unic\u0103 \u2013 fie c\u0103 e vorba de un z\u00e2mbet nevinovat, de lini\u0219tea unui apus sau de energia unui ora\u0219 aglomerat. Fotografia ne \u00eenva\u021b\u0103 s\u0103 privim cu aten\u021bie, s\u0103 descoperim frumosul \u00een banal \u0219i s\u0103 p\u0103str\u0103m aproape cei dragi, chiar \u0219i atunci c\u00e2nd distan\u021ba sau timpul ne despart. Pentru c\u0103, la final, ceea ce r\u0103m\u00e2ne nu sunt lucrurile, ci sentimentele pe care le alegem s\u0103 nu le uit\u0103m niciodat\u0103.<\/strong><\/p>\n\n\n\n<figure class=\"wp-block-gallery has-nested-images columns-default is-cropped wp-block-gallery-1 is-layout-flex wp-block-gallery-is-layout-flex\">\n<figure class=\"wp-block-image size-large\"><img loading=\"lazy\" decoding=\"async\" width=\"1024\" height=\"571\" data-id=\"1471\" src=\"https:\/\/ionescuvalentin.ro\/wp-content\/uploads\/revslider\/h1-slide-3-background-1024x571.jpg\" alt=\"\" class=\"wp-image-1471\" srcset=\"https:\/\/ionescuvalentin.ro\/wp-content\/uploads\/revslider\/h1-slide-3-background-1024x571.jpg 1024w, https:\/\/ionescuvalentin.ro\/wp-content\/uploads\/revslider\/h1-slide-3-background-300x167.jpg 300w, https:\/\/ionescuvalentin.ro\/wp-content\/uploads\/revslider\/h1-slide-3-background-768x428.jpg 768w, https:\/\/ionescuvalentin.ro\/wp-content\/uploads\/revslider\/h1-slide-3-background-1536x856.jpg 1536w, https:\/\/ionescuvalentin.ro\/wp-content\/uploads\/revslider\/h1-slide-3-background.jpg 1920w\" sizes=\"auto, (max-width: 1024px) 100vw, 1024px\" \/><\/figure>\n\n\n\n<figure class=\"wp-block-image size-large\"><img loading=\"lazy\" decoding=\"async\" width=\"1024\" height=\"640\" data-id=\"1469\" src=\"https:\/\/ionescuvalentin.ro\/wp-content\/uploads\/revslider\/h1-slide-1-background-1024x640.jpg\" alt=\"\" class=\"wp-image-1469\" srcset=\"https:\/\/ionescuvalentin.ro\/wp-content\/uploads\/revslider\/h1-slide-1-background-1024x640.jpg 1024w, https:\/\/ionescuvalentin.ro\/wp-content\/uploads\/revslider\/h1-slide-1-background-300x188.jpg 300w, https:\/\/ionescuvalentin.ro\/wp-content\/uploads\/revslider\/h1-slide-1-background-768x480.jpg 768w, https:\/\/ionescuvalentin.ro\/wp-content\/uploads\/revslider\/h1-slide-1-background-1536x960.jpg 1536w, https:\/\/ionescuvalentin.ro\/wp-content\/uploads\/revslider\/h1-slide-1-background.jpg 1920w\" sizes=\"auto, (max-width: 1024px) 100vw, 1024px\" \/><\/figure>\n\n\n\n<figure class=\"wp-block-image size-large\"><img loading=\"lazy\" decoding=\"async\" width=\"1024\" height=\"571\" data-id=\"1470\" src=\"https:\/\/ionescuvalentin.ro\/wp-content\/uploads\/revslider\/h1-slide-4-background-1024x571.jpg\" alt=\"\" class=\"wp-image-1470\" srcset=\"https:\/\/ionescuvalentin.ro\/wp-content\/uploads\/revslider\/h1-slide-4-background-1024x571.jpg 1024w, https:\/\/ionescuvalentin.ro\/wp-content\/uploads\/revslider\/h1-slide-4-background-300x167.jpg 300w, https:\/\/ionescuvalentin.ro\/wp-content\/uploads\/revslider\/h1-slide-4-background-768x428.jpg 768w, https:\/\/ionescuvalentin.ro\/wp-content\/uploads\/revslider\/h1-slide-4-background-1536x856.jpg 1536w, https:\/\/ionescuvalentin.ro\/wp-content\/uploads\/revslider\/h1-slide-4-background.jpg 1920w\" sizes=\"auto, (max-width: 1024px) 100vw, 1024px\" \/><\/figure>\n\n\n\n<figure class=\"wp-block-image size-large\"><img loading=\"lazy\" decoding=\"async\" width=\"1024\" height=\"1024\" data-id=\"9\" src=\"https:\/\/ionescuvalentin.ro\/wp-content\/uploads\/2020\/06\/72273751_2489603034486633_6101730492623618048_o-1024x1024.jpg\" alt=\"\" class=\"wp-image-9\" srcset=\"https:\/\/ionescuvalentin.ro\/wp-content\/uploads\/2020\/06\/72273751_2489603034486633_6101730492623618048_o-1024x1024.jpg 1024w, https:\/\/ionescuvalentin.ro\/wp-content\/uploads\/2020\/06\/72273751_2489603034486633_6101730492623618048_o-300x300.jpg 300w, https:\/\/ionescuvalentin.ro\/wp-content\/uploads\/2020\/06\/72273751_2489603034486633_6101730492623618048_o-150x150.jpg 150w, https:\/\/ionescuvalentin.ro\/wp-content\/uploads\/2020\/06\/72273751_2489603034486633_6101730492623618048_o-768x768.jpg 768w, https:\/\/ionescuvalentin.ro\/wp-content\/uploads\/2020\/06\/72273751_2489603034486633_6101730492623618048_o-468x468.jpg 468w, https:\/\/ionescuvalentin.ro\/wp-content\/uploads\/2020\/06\/72273751_2489603034486633_6101730492623618048_o-806x806.jpg 806w, https:\/\/ionescuvalentin.ro\/wp-content\/uploads\/2020\/06\/72273751_2489603034486633_6101730492623618048_o-558x558.jpg 558w, https:\/\/ionescuvalentin.ro\/wp-content\/uploads\/2020\/06\/72273751_2489603034486633_6101730492623618048_o-655x655.jpg 655w, https:\/\/ionescuvalentin.ro\/wp-content\/uploads\/2020\/06\/72273751_2489603034486633_6101730492623618048_o.jpg 1092w\" sizes=\"auto, (max-width: 1024px) 100vw, 1024px\" \/><\/figure>\n<\/figure>\n","protected":false},"excerpt":{"rendered":"<p>Fotografia nu este doar un simplu click. Este arta de a opri timpul, de a \u00eenghe\u021ba o emo\u021bie \u0219i de a transforma o clip\u0103 efemer\u0103 \u00eentr-o poveste ve\u0219nic\u0103. Prin obiectiv, lumina devine limbaj, umbrele cap\u0103t\u0103 sens, iar detaliile nev\u0103zute prind via\u021b\u0103. Fiecare cadru spune o poveste unic\u0103 \u2013 fie c\u0103 e vorba de un z\u00e2mbet [&hellip;]<\/p>\n","protected":false},"author":1,"featured_media":0,"parent":0,"menu_order":0,"comment_status":"closed","ping_status":"closed","template":"","meta":{"vkexunit_cta_each_option":"","footnotes":""},"class_list":["post-1499","page","type-page","status-publish","hentry"],"_links":{"self":[{"href":"https:\/\/ionescuvalentin.ro\/index.php\/wp-json\/wp\/v2\/pages\/1499","targetHints":{"allow":["GET"]}}],"collection":[{"href":"https:\/\/ionescuvalentin.ro\/index.php\/wp-json\/wp\/v2\/pages"}],"about":[{"href":"https:\/\/ionescuvalentin.ro\/index.php\/wp-json\/wp\/v2\/types\/page"}],"author":[{"embeddable":true,"href":"https:\/\/ionescuvalentin.ro\/index.php\/wp-json\/wp\/v2\/users\/1"}],"replies":[{"embeddable":true,"href":"https:\/\/ionescuvalentin.ro\/index.php\/wp-json\/wp\/v2\/comments?post=1499"}],"version-history":[{"count":2,"href":"https:\/\/ionescuvalentin.ro\/index.php\/wp-json\/wp\/v2\/pages\/1499\/revisions"}],"predecessor-version":[{"id":1537,"href":"https:\/\/ionescuvalentin.ro\/index.php\/wp-json\/wp\/v2\/pages\/1499\/revisions\/1537"}],"wp:attachment":[{"href":"https:\/\/ionescuvalentin.ro\/index.php\/wp-json\/wp\/v2\/media?parent=1499"}],"curies":[{"name":"wp","href":"https:\/\/api.w.org\/{rel}","templated":true}]}}